{"id":2419,"date":"2024-09-15T06:38:44","date_gmt":"2024-09-15T06:38:44","guid":{"rendered":"https:\/\/lygiaylynhua.com\/?post_type=product&#038;p=2419"},"modified":"2024-09-15T07:09:56","modified_gmt":"2024-09-15T07:09:56","slug":"ly-nhua-pp-700ml-sao-chep","status":"publish","type":"product","link":"https:\/\/lygiaylynhua.com\/index.php\/san-pham\/ly-nhua-pp-700ml-sao-chep\/","title":{"rendered":"Ly Nh\u1ef1a PP 700ml (Sao ch\u00e9p)"},"content":{"rendered":"<p>Ly nh\u1ef1a PP 700ml l\u00e0 lo\u1ea1i ly l\u00e0m t\u1eeb nh\u1ef1a polypropylene, c\u00f3 dung t\u00edch 700ml. Ch\u1ea5t li\u1ec7u PP gi\u00fap ly b\u1ec1n, nh\u1eb9 v\u00e0 ch\u1ecbu nhi\u1ec7t t\u1ed1t. Thi\u1ebft k\u1ebf trong su\u1ed1t ho\u1eb7c c\u00f3 m\u00e0u s\u1eafc, th\u01b0\u1eddng \u0111\u01b0\u1ee3c d\u00f9ng cho c\u00e1c lo\u1ea1i n\u01b0\u1edbc u\u1ed1ng nh\u01b0 n\u01b0\u1edbc tr\u00e1i c\u00e2y, tr\u00e0, hay c\u00e0 ph\u00ea. Ly c\u00f3 th\u1ec3 t\u00e1i s\u1eed d\u1ee5ng v\u00e0 d\u1ec5 d\u00e0ng v\u1ec7 sinh, ph\u00f9 h\u1ee3p cho c\u1ea3 s\u1ef1 ki\u1ec7n ngo\u00e0i tr\u1eddi v\u00e0 s\u1eed d\u1ee5ng h\u00e0ng ng\u00e0y.<\/p>\n<div class=\"wpsm-table wpsm-table-main-color\"><\/p>\n<table style=\"height: 179px;\" width=\"399\">\n<tbody>\n<tr>\n<th>TH\u00d4NG TIN S\u1ea2N PH\u1ea8M<\/th>\n<th><\/th>\n<th><\/th>\n<\/tr>\n<tr>\n<td>Dung T\u00edch<\/td>\n<td>700ml<\/td>\n<td><\/td>\n<\/tr>\n<tr>\n<td>Ch\u1ea5t Li\u1ec7u<\/td>\n<td>Nh\u1ef1a PP<\/td>\n<td><\/td>\n<\/tr>\n<tr>\n<td>\u0110\u01b0\u1eddng k\u00ednh Mi\u1ec7ng<\/td>\n<td>95mm<\/td>\n<td><\/td>\n<\/tr>\n<tr>\n<td>\u0110\u01b0\u1eddng K\u00ednh \u0110\u00e1y<\/td>\n<td>65mm<\/td>\n<td><\/td>\n<\/tr>\n<tr>\n<td colspan=\"3\">Chi\u1ec1u Cao 157mm<\/td>\n<\/tr>\n<\/tbody>\n<\/table>\n<p><\/div>\n","protected":false},"excerpt":{"rendered":"<p>Ly nh\u1ef1a PP 700ml l\u00e0 lo\u1ea1i ly l\u00e0m t\u1eeb nh\u1ef1a polypropylene, c\u00f3 dung t\u00edch 700ml. Ch\u1ea5t li\u1ec7u PP gi\u00fap ly b\u1ec1n, nh\u1eb9 v\u00e0 ch\u1ecbu nhi\u1ec7t t\u1ed1t. Thi\u1ebft k\u1ebf trong su\u1ed1t ho\u1eb7c c\u00f3 m\u00e0u s\u1eafc, th\u01b0\u1eddng \u0111\u01b0\u1ee3c d\u00f9ng cho c\u00e1c lo\u1ea1i n\u01b0\u1edbc u\u1ed1ng nh\u01b0 n\u01b0\u1edbc tr\u00e1i c\u00e2y, tr\u00e0, hay c\u00e0 ph\u00ea. Ly c\u00f3 th\u1ec3 t\u00e1i s\u1eed d\u1ee5ng v\u00e0 d\u1ec5 d\u00e0ng v\u1ec7 sinh, ph\u00f9 h\u1ee3p cho c\u1ea3 s\u1ef1 ki\u1ec7n ngo\u00e0i tr\u1eddi v\u00e0 s\u1eed d\u1ee5ng h\u00e0ng ng\u00e0y.<\/p>\n","protected":false},"featured_media":2078,"comment_status":"open","ping_status":"closed","template":"","meta":{"_gspb_post_css":""},"store":[],"product_cat":[163],"product_tag":[],"class_list":{"0":"post-2419","1":"product","2":"type-product","3":"status-publish","4":"has-post-thumbnail","6":"product_cat-ly-nhua","8":"first","9":"instock","10":"shipping-taxable","11":"product-type-simple"},"_links":{"self":[{"href":"https:\/\/lygiaylynhua.com\/index.php\/wp-json\/wp\/v2\/product\/2419","targetHints":{"allow":["GET"]}}],"collection":[{"href":"https:\/\/lygiaylynhua.com\/index.php\/wp-json\/wp\/v2\/product"}],"about":[{"href":"https:\/\/lygiaylynhua.com\/index.php\/wp-json\/wp\/v2\/types\/product"}],"replies":[{"embeddable":true,"href":"https:\/\/lygiaylynhua.com\/index.php\/wp-json\/wp\/v2\/comments?post=2419"}],"wp:featuredmedia":[{"embeddable":true,"href":"https:\/\/lygiaylynhua.com\/index.php\/wp-json\/wp\/v2\/media\/2078"}],"wp:attachment":[{"href":"https:\/\/lygiaylynhua.com\/index.php\/wp-json\/wp\/v2\/media?parent=2419"}],"wp:term":[{"taxonomy":"store","embeddable":true,"href":"https:\/\/lygiaylynhua.com\/index.php\/wp-json\/wp\/v2\/store?post=2419"},{"taxonomy":"product_cat","embeddable":true,"href":"https:\/\/lygiaylynhua.com\/index.php\/wp-json\/wp\/v2\/product_cat?post=2419"},{"taxonomy":"product_tag","embeddable":true,"href":"https:\/\/lygiaylynhua.com\/index.php\/wp-json\/wp\/v2\/product_tag?post=2419"}],"curies":[{"name":"wp","href":"https:\/\/api.w.org\/{rel}","templated":true}]}}