{"id":1398,"date":"2019-07-19T16:28:20","date_gmt":"2019-07-19T16:28:20","guid":{"rendered":"http:\/\/recart.wpsoul.com\/?page_id=1398"},"modified":"2024-07-15T16:41:46","modified_gmt":"2024-07-15T16:41:46","slug":"lien-he","status":"publish","type":"page","link":"https:\/\/lygiaylynhua.com\/index.php\/lien-he\/","title":{"rendered":"LI\u00caN H\u1ec6"},"content":{"rendered":"\n<div class=\"wp-block-rehub-wc-deal rhpb-wc-deal-list rhpb-e18fe242-eca1-4f93-af97-7d78e2aaf6d3\">\r\n \r\n\t \r\n\t<div class=\"woocommerce\">\r\n\t\t<div class=\"list_woo products \" data-filterargs='{\"post_type\":\"product\",\"posts_per_page\":12,\"orderby\":\"date\",\"order\":\"desc\",\"tax_query\":[{\"relation\":\"AND\",\"0\":{\"taxonomy\":\"product_visibility\",\"field\":\"name\",\"terms\":\"exclude-from-catalog\",\"operator\":\"NOT IN\"}}],\"no_found_rows\":1}' data-template=\"woolistmain\" data-innerargs='{\"attrelpanel\":\"\"}' id=\"rh_woorows_22172668\">\t                    \r\n\t\t\r\n\t\t\t\t\t\t\t\t\t    <div class=\"r_offer_details news-community clearfix  product type-product\">\r\n             \r\n    <div class=\"button_action\">\r\n        <div class=\"floatleft mr5\">\r\n                                    <div class=\"heart_thumb_wrap text-center\"><span class=\"flowhidden cell_wishlist\"><span class=\"heartplus\" data-post_id=\"2419\" data-informer=\"0\"><span class=\"ml5 rtlmr5 wishaddedwrap\" id=\"wishadded2419\">Added to wishlist<\/span><span class=\"ml5 rtlmr5 wishremovedwrap\" id=\"wishremoved2419\">Removed from wishlist<\/span> <\/span><\/span><span data-wishcount=\"0\" id=\"wishcount2419\" class=\"thumbscount\">0<\/span> <\/div>  \r\n        <\/div>\r\n                                                                            \r\n    <\/div>    \r\n\t<div class=\"rh_grid_image_3_col\">\t\t\r\n        <div class=\"rh_gr_img_first\">\r\n            <figure>               \r\n                <a href=\"https:\/\/lygiaylynhua.com\/index.php\/san-pham\/ly-nhua-pp-700ml-sao-chep\/\">\r\n                                                \r\n                    <img fetchpriority=\"high\" decoding=\"async\" src=\"https:\/\/lygiaylynhua.com\/wp-content\/themes\/rehub-theme\/images\/default\/blank.gif\" data-src=\"https:\/\/lygiaylynhua.com\/wp-content\/uploads\/2024\/07\/14-300x300.jpg\" alt=\"Ly Nh\u1ef1a PP 700ml (Sao ch\u00e9p)\" data-skip-lazy=\"\" class=\"lazyload \" width=\"300\" height=\"300\"> \r\n                <\/a>\r\n                            <\/figure>\r\n                                                \r\n        <\/div>        \r\n                                                        \r\n    \t<div class=\"rh_gr_top_middle mb10 colored_rate_bar\">\r\n            \t\t    <h3 class=\"font130 mt0 mb10 mobilesblockdisplay \"><a href=\"https:\/\/lygiaylynhua.com\/index.php\/san-pham\/ly-nhua-pp-700ml-sao-chep\/\">Ly Nh\u1ef1a PP 700ml (Sao ch\u00e9p)<\/a><\/h3>\r\n            <div class=\"meta post-meta\">\r\n                \t\t\t\t<span class=\"admin_meta\">\n\t\t\t<a class=\"admin\" href=\"https:\/\/lygiaylynhua.com\/index.php\/author\/admin\/\">\n\t\t\t\t\t\t\t\t\t\t\t\t\n\t\t\t\tadmin\t\t\t\n\t\t\t<\/a>\n\t\t<\/span>\n\t \t\t<span class=\"date_meta\">\n  \t\t\t \t\t\t\t 15\/09\/2024 \t\t\t \t\t<\/span>\t\n\t<span class=\"date_meta\"><a href=\"https:\/\/lygiaylynhua.com\/index.php\/danh-muc-san-pham\/ly-nhua\/\" rel=\"tag\">Ly Nh\u1ef1a<\/a><\/span>                               \r\n            <\/div>    \r\n        <\/div>\r\n        <div class=\"rh_gr_middle_desc\">                         \r\n    \t    <div class=\"font90 lineheight20 mb10\">Ly nh\u1ef1a PP 700ml l\u00e0 lo\u1ea1i ly l\u00e0m t\u1eeb nh\u1ef1a polypropylene, c\u00f3 dung t\u00edch 700ml. Ch\u1ea5t li\u1ec7u PP gi\u00fap ly b\u1ec1n, nh\u1eb9 v\u00e0 ch\u1ecbu nhi\u1ec7t t\u1ed1t. Thi\u1ebft k\u1ebf trong su\u1ed1t ho\u1eb7c c\u00f3 m\u00e0u s\u1eafc, th\u01b0\u1eddng \u0111\u01b0\u1ee3c d\u00f9ng cho c\u00e1c lo\u1ea1i n\u01b0\u1edbc u\u1ed1ng nh\u01b0 n\u01b0\u1edbc tr\u00e1i c\u00e2y, tr\u00e0, hay c\u00e0 ph\u00ea. Ly c\u00f3 th\u1ec3 t\u00e1i s\u1eed d\u1ee5ng v\u00e0 d\u1ec5 d\u00e0ng v\u1ec7 sinh, ph\u00f9 h\u1ee3p cho c\u1ea3 s\u1ef1 ki\u1ec7n ngo\u00e0i tr\u1eddi v\u00e0 s\u1eed d\u1ee5ng h\u00e0ng ng\u00e0y.<\/div>\r\n            \n<div class=\"wp-block-group is-layout-flow wp-block-group-is-layout-flow\"><\/div>\n \r\n             \r\n                                                 \r\n        <\/div>\r\n                        \r\n        <div class=\"rh_gr_btn_block\">\r\n            <div class=\"rehub-btn-font mb10 mt15 pricefont110 redbrightcolor\">\n<\/div>\r\n                            <div class=\"block_btnblock priced_block\">\r\n                                            <a href=\"https:\/\/lygiaylynhua.com\/index.php\/san-pham\/ly-nhua-pp-700ml-sao-chep\/\" data-product_id=\"2419\" data-product_sku=\"\" class=\"re_track_btn woo_loop_btn btn_offer_block  ajax_add_to_cart product_type_simple\" >Read more<\/a>                      \r\n                                                                 \r\n                                        <div class=\"mt5\">\r\n                                                            \r\n                          \r\n                     <\/div>\r\n                                    <\/div>  \r\n                      \r\n        <\/div>    \r\n    <\/div>\r\n        \r\n        \r\n<\/div>\t\t\t\t\t\t\t\t\t\t\t\t    <div class=\"r_offer_details news-community clearfix  product type-product\">\r\n             \r\n    <div class=\"button_action\">\r\n        <div class=\"floatleft mr5\">\r\n                                    <div class=\"heart_thumb_wrap text-center\"><span class=\"flowhidden cell_wishlist\"><span class=\"heartplus\" data-post_id=\"2416\" data-informer=\"1\"><span class=\"ml5 rtlmr5 wishaddedwrap\" id=\"wishadded2416\">Added to wishlist<\/span><span class=\"ml5 rtlmr5 wishremovedwrap\" id=\"wishremoved2416\">Removed from wishlist<\/span> <\/span><\/span><span data-wishcount=\"1\" id=\"wishcount2416\" class=\"thumbscount\">1<\/span> <\/div>  \r\n        <\/div>\r\n                                                                            \r\n    <\/div>    \r\n\t<div class=\"rh_grid_image_3_col\">\t\t\r\n        <div class=\"rh_gr_img_first\">\r\n            <figure>               \r\n                <a href=\"https:\/\/lygiaylynhua.com\/index.php\/san-pham\/ly-nhua-pp-700ml\/\">\r\n                                                \r\n                    <img decoding=\"async\" src=\"https:\/\/lygiaylynhua.com\/wp-content\/themes\/rehub-theme\/images\/default\/blank.gif\" data-src=\"https:\/\/lygiaylynhua.com\/wp-content\/uploads\/2024\/07\/14-300x300.jpg\" alt=\"Ly Nh\u1ef1a PP 700ml\" data-skip-lazy=\"\" class=\"lazyload \" width=\"300\" height=\"300\"> \r\n                <\/a>\r\n                            <\/figure>\r\n                                                \r\n        <\/div>        \r\n                                                        \r\n    \t<div class=\"rh_gr_top_middle mb10 colored_rate_bar\">\r\n            \t\t    <h3 class=\"font130 mt0 mb10 mobilesblockdisplay \"><a href=\"https:\/\/lygiaylynhua.com\/index.php\/san-pham\/ly-nhua-pp-700ml\/\">Ly Nh\u1ef1a PP 700ml<\/a><\/h3>\r\n            <div class=\"meta post-meta\">\r\n                \t\t\t\t<span class=\"admin_meta\">\n\t\t\t<a class=\"admin\" href=\"https:\/\/lygiaylynhua.com\/index.php\/author\/admin\/\">\n\t\t\t\t\t\t\t\t\t\t\t\t\n\t\t\t\tadmin\t\t\t\n\t\t\t<\/a>\n\t\t<\/span>\n\t \t\t<span class=\"date_meta\">\n  \t\t\t \t\t\t\t 07\/03\/2025 \t\t\t \t\t<\/span>\t\n\t<span class=\"date_meta\"><a href=\"https:\/\/lygiaylynhua.com\/index.php\/danh-muc-san-pham\/ly-nhua\/\" rel=\"tag\">Ly Nh\u1ef1a<\/a><\/span>                               \r\n            <\/div>    \r\n        <\/div>\r\n        <div class=\"rh_gr_middle_desc\">                         \r\n    \t    <div class=\"font90 lineheight20 mb10\">Ly nh\u1ef1a PP 700ml l\u00e0 lo\u1ea1i ly l\u00e0m t\u1eeb nh\u1ef1a polypropylene, c\u00f3 dung t\u00edch 700ml.<\/div>\r\n            \n<div class=\"wp-block-group is-layout-flow wp-block-group-is-layout-flow\"><\/div>\n \r\n             \r\n                                                 \r\n        <\/div>\r\n                        \r\n        <div class=\"rh_gr_btn_block\">\r\n            <div class=\"rehub-btn-font mb10 mt15 pricefont110 redbrightcolor\">\n<\/div>\r\n                            <div class=\"block_btnblock priced_block\">\r\n                                            <a href=\"https:\/\/lygiaylynhua.com\/index.php\/san-pham\/ly-nhua-pp-700ml\/\" data-product_id=\"2416\" data-product_sku=\"\" class=\"re_track_btn woo_loop_btn btn_offer_block  ajax_add_to_cart product_type_simple\" >Read more<\/a>                      \r\n                                                                 \r\n                                        <div class=\"mt5\">\r\n                                                            \r\n                          \r\n                     <\/div>\r\n                                    <\/div>  \r\n                      \r\n        <\/div>    \r\n    <\/div>\r\n        \r\n        \r\n<\/div>\t\t\t\t\t\t\t\r\n\t\t\t\r\n\t<\/div>\r\n\t<\/div>\r\n \r\n\r\n<\/div>\n","protected":false},"excerpt":{"rendered":"","protected":false},"author":1,"featured_media":0,"parent":0,"menu_order":0,"comment_status":"closed","ping_status":"closed","template":"","meta":{"_gspb_post_css":"","footnotes":""},"class_list":["post-1398","page","type-page","status-publish","hentry"],"_links":{"self":[{"href":"https:\/\/lygiaylynhua.com\/index.php\/wp-json\/wp\/v2\/pages\/1398","targetHints":{"allow":["GET"]}}],"collection":[{"href":"https:\/\/lygiaylynhua.com\/index.php\/wp-json\/wp\/v2\/pages"}],"about":[{"href":"https:\/\/lygiaylynhua.com\/index.php\/wp-json\/wp\/v2\/types\/page"}],"author":[{"embeddable":true,"href":"https:\/\/lygiaylynhua.com\/index.php\/wp-json\/wp\/v2\/users\/1"}],"replies":[{"embeddable":true,"href":"https:\/\/lygiaylynhua.com\/index.php\/wp-json\/wp\/v2\/comments?post=1398"}],"version-history":[{"count":1,"href":"https:\/\/lygiaylynhua.com\/index.php\/wp-json\/wp\/v2\/pages\/1398\/revisions"}],"predecessor-version":[{"id":2308,"href":"https:\/\/lygiaylynhua.com\/index.php\/wp-json\/wp\/v2\/pages\/1398\/revisions\/2308"}],"wp:attachment":[{"href":"https:\/\/lygiaylynhua.com\/index.php\/wp-json\/wp\/v2\/media?parent=1398"}],"curies":[{"name":"wp","href":"https:\/\/api.w.org\/{rel}","templated":true}]}}